{"id":1138,"date":"2013-12-18T09:28:23","date_gmt":"2013-12-18T07:28:23","guid":{"rendered":"http:\/\/ev-kirche-seeheim-malchen.de\/?page_id=1138"},"modified":"2020-04-15T20:13:55","modified_gmt":"2020-04-15T18:13:55","slug":"orgel","status":"publish","type":"page","link":"https:\/\/ev-kirche-seeheim-malchen.de\/?page_id=1138","title":{"rendered":"Kirchenorgeln"},"content":{"rendered":"<div id=\"attachment_1210\" style=\"width: 277px\" class=\"wp-caption alignleft\"><img aria-describedby=\"caption-attachment-1210\" decoding=\"async\" loading=\"lazy\" class=\"size-full wp-image-1210\" src=\"https:\/\/ev-kirche-seeheim-malchen.de\/wp-content\/uploads\/2013\/12\/Seeheim_20130521_DSC7110_H_071.jpg\" alt=\"Orgel Laurentiuskirche (Foto: Fabian Klusmeyer)\" width=\"267\" height=\"401\" srcset=\"https:\/\/ev-kirche-seeheim-malchen.de\/wp-content\/uploads\/2013\/12\/Seeheim_20130521_DSC7110_H_071.jpg 267w, https:\/\/ev-kirche-seeheim-malchen.de\/wp-content\/uploads\/2013\/12\/Seeheim_20130521_DSC7110_H_071-199x300.jpg 199w\" sizes=\"(max-width: 267px) 100vw, 267px\" \/><p id=\"caption-attachment-1210\" class=\"wp-caption-text\">Orgel Laurentiuskirche (Foto: Fabian Klusmeyer)<\/p><\/div>\n<div class=\"page\" title=\"Page 1\">\n<div class=\"section\">\n<div class=\"layoutArea\">\n<div class=\"column\">\n<p style=\"text-align: justify;\">1750 erbaute der Orgelbauer Johann Philipp Obernd\u00f6rfer die dritte Orgel in der Ev. Laurentiuskirche Seeheim. Der Orgelprospekt von damals ist immer noch zu sehen. 1962 wurde die Orgel von der Orgelbaufirma Werner Bosch neu gebaut. Im Jahr 2007 wurde die Orgel von Michael Bosch mit einer neuen Konzeption vollst\u00e4ndig umgebaut, erweitert, neu intoniert und bekam einen neuen Spieltisch. Am 20. April 2008 war die festliche Einweihung.<\/p>\n<\/div>\n<\/div>\n<\/div>\n<\/div>\n<p>&nbsp;<\/p>\n<p>&nbsp;<\/p>\n<p>&nbsp;<\/p>\n<p>&nbsp;<\/p>\n<p>&nbsp;<\/p>\n<p>&nbsp;<\/p>\n<hr \/>\n<div class=\"page\" title=\"Page 1\">\n<div class=\"layoutArea\">\n<div class=\"column\">\n<div id=\"attachment_7736\" style=\"width: 1191px\" class=\"wp-caption alignleft\"><img aria-describedby=\"caption-attachment-7736\" decoding=\"async\" loading=\"lazy\" class=\"wp-image-7736 size-full\" src=\"https:\/\/ev-kirche-seeheim-malchen.de\/wp-content\/uploads\/2020\/04\/Orgel-Malchen.png\" alt=\"\" width=\"1181\" height=\"884\" srcset=\"https:\/\/ev-kirche-seeheim-malchen.de\/wp-content\/uploads\/2020\/04\/Orgel-Malchen.png 1181w, https:\/\/ev-kirche-seeheim-malchen.de\/wp-content\/uploads\/2020\/04\/Orgel-Malchen-300x225.png 300w, https:\/\/ev-kirche-seeheim-malchen.de\/wp-content\/uploads\/2020\/04\/Orgel-Malchen-800x600.png 800w\" sizes=\"(max-width: 1181px) 100vw, 1181px\" \/><p id=\"caption-attachment-7736\" class=\"wp-caption-text\">Walcker-Orgel in der Kirche Malchen<\/p><\/div>\n<div class=\"page\" title=\"Page 1\">\n<div class=\"layoutArea\">\n<div class=\"column\">\n<p style=\"text-align: justify;\">Die technische und klangliche \u00dcberarbeitung der Walcker-Orgel in der Ev. Kirche zu Malchen wurde von Rainer M\u00fcller (Orgelbaumeister und gepr. Restaurator im Orgel- und Harmoniumbauhandwerk) 2018 abgeschlossen. Der Ev. Kirchengemeinde Seeheim-Malchen steht nun ein interessantes klangliches Kleinod zur Verf\u00fcgung, welches mit seinem warmen Klang in sch\u00f6ner Weise den Gottesdienst begleiten kann und sich dar\u00fcber hinaus auch f\u00fcr anspruchsvolle kammermusikalische Konzerte empfiehlt.<\/p>\n<div class=\"page\" title=\"Page 1\">\n<div class=\"layoutArea\">\n<div class=\"column\">\n<p>Manual C-f&#8220;&#8216; (54 Tasten)<br \/>\nGedackt 8&#8242;<br \/>\nPrinzipal 4&#8242;<br \/>\nRohrfl\u00f6te 4&#8242;<br \/>\nOktave 2&#8242;<br \/>\nTerzmixtur 1&#8217;3f.<\/p>\n<p style=\"text-align: justify;\">Angeh\u00e4ngtes Pedal, Stimmtonh\u00f6he 440 Hz bei 16\u00b0C, Winddruck 64 mm\/Ws, gleichstufig temperiert<\/p>\n<\/div>\n<\/div>\n<\/div>\n<\/div>\n<\/div>\n<\/div>\n<\/div>\n<\/div>\n<\/div>\n","protected":false},"excerpt":{"rendered":"<p>1750 erbaute der Orgelbauer Johann Philipp Obernd\u00f6rfer die dritte Orgel in der Ev. Laurentiuskirche Seeheim. Der Orgelprospekt von damals ist immer noch zu sehen. 1962 wurde die Orgel von der Orgelbaufirma Werner Bosch neu gebaut. Im Jahr 2007 wurde die Orgel von Michael Bosch mit einer neuen Konzeption vollst\u00e4ndig umgebaut,<\/p>\n","protected":false},"author":1,"featured_media":0,"parent":8,"menu_order":1,"comment_status":"closed","ping_status":"closed","template":"","meta":{"_themeisle_gutenberg_block_has_review":false,"_expiration-date-status":"saved","_expiration-date":0,"_expiration-date-type":"","_expiration-date-categories":[],"_expiration-date-options":[],"_links_to":"","_links_to_target":""},"_links":{"self":[{"href":"https:\/\/ev-kirche-seeheim-malchen.de\/index.php?rest_route=\/wp\/v2\/pages\/1138"}],"collection":[{"href":"https:\/\/ev-kirche-seeheim-malchen.de\/index.php?rest_route=\/wp\/v2\/pages"}],"about":[{"href":"https:\/\/ev-kirche-seeheim-malchen.de\/index.php?rest_route=\/wp\/v2\/types\/page"}],"author":[{"embeddable":true,"href":"https:\/\/ev-kirche-seeheim-malchen.de\/index.php?rest_route=\/wp\/v2\/users\/1"}],"replies":[{"embeddable":true,"href":"https:\/\/ev-kirche-seeheim-malchen.de\/index.php?rest_route=%2Fwp%2Fv2%2Fcomments&post=1138"}],"version-history":[{"count":10,"href":"https:\/\/ev-kirche-seeheim-malchen.de\/index.php?rest_route=\/wp\/v2\/pages\/1138\/revisions"}],"predecessor-version":[{"id":7747,"href":"https:\/\/ev-kirche-seeheim-malchen.de\/index.php?rest_route=\/wp\/v2\/pages\/1138\/revisions\/7747"}],"up":[{"embeddable":true,"href":"https:\/\/ev-kirche-seeheim-malchen.de\/index.php?rest_route=\/wp\/v2\/pages\/8"}],"wp:attachment":[{"href":"https:\/\/ev-kirche-seeheim-malchen.de\/index.php?rest_route=%2Fwp%2Fv2%2Fmedia&parent=1138"}],"curies":[{"name":"wp","href":"https:\/\/api.w.org\/{rel}","templated":true}]}}